{"id":603,"date":"2017-08-10T06:54:08","date_gmt":"2017-08-10T06:54:08","guid":{"rendered":"https:\/\/hochzeit.matthiasmeissler.de\/?page_id=603"},"modified":"2022-08-31T13:17:38","modified_gmt":"2022-08-31T13:17:38","slug":"home","status":"publish","type":"page","link":"https:\/\/hochzeit.matthiasmeissler.de\/","title":{"rendered":"Home"},"content":{"rendered":"\n\n\t<h1>\n\t\t\t\t\tIsabel &#038; Matthias\n\t\t\t\t<\/h1>\n\t<h2>\n\t\t\t\t\t07. Juli 2021\n\t\t\t\t<\/h2>\n\t<h4>\n\t\t\t\t\tMarkgr\u00e4flicher Pavillon Ansbach\n\t\t\t\t<\/h4>\n<h1>\n\t\tDanke, dass Ihr dabei wart!\n\t<\/h1>\n\t<meta itemprop=\"url\" content=\"https:\/\/hochzeit.matthiasmeissler.de\/wp-content\/uploads\/2021\/08\/IsabelMatthias.mp4\" \/><div style=\"width: 640px;\" class=\"wp-video\"><video class=\"wp-video-shortcode\" id=\"video-603-1\" width=\"640\" height=\"360\" preload=\"metadata\" controls=\"controls\"><source type=\"video\/mp4\" src=\"https:\/\/hochzeit.matthiasmeissler.de\/wp-content\/uploads\/2021\/08\/IsabelMatthias.mp4?_=1\" \/><a href=\"https:\/\/hochzeit.matthiasmeissler.de\/wp-content\/uploads\/2021\/08\/IsabelMatthias.mp4\">https:\/\/hochzeit.matthiasmeissler.de\/wp-content\/uploads\/2021\/08\/IsabelMatthias.mp4<\/a><\/video><\/div>\n<h2>\n\t\tZum Anzeigen der Galerien bitte auf die Bilder klicken\n\t<\/h2>\n    <!-- Gallery Wrapper -->\n        <!-- Main Gallery -->\n                                    <img decoding=\"async\" data-src=\"https:\/\/hochzeit.matthiasmeissler.de\/wp-content\/uploads\/2021\/08\/24_Trauung_Unterschrift-scaled.jpg\" alt=\"24_Trauung_Unterschrift\" src=\"data:image\/svg+xml;base64,PHN2ZyB3aWR0aD0iMSIgaGVpZ2h0PSIxIiB4bWxucz0iaHR0cDovL3d3dy53My5vcmcvMjAwMC9zdmciPjwvc3ZnPg==\" class=\"lazyload\" style=\"--smush-placeholder-width: 2560px; --smush-placeholder-aspect-ratio: 2560\/1916;\" \/>\n                                        <!-- Overlay -->\n                                            <!-- Icon -->\n                                            <a data-lightbox data-src=\"https:\/\/hochzeit.matthiasmeissler.de\/wp-content\/uploads\/2021\/08\/24_Trauung_Unterschrift-1024x766.jpg\" data-sub-html=\"<p>Standesamt &#038; Sektempfang&#8220;><\/a>\n                                            <!-- Content -->\n                                                <h4>Standesamt &#038; Sektempfang<\/h4>                                                \n                            <!--Gallery sub-Item Start-->\n                            Standesamt &#038; Sektempfang&#8220;>Standesamt &#038; Sektempfang&#8220;>Standesamt &#038; Sektempfang&#8220;>Standesamt &#038; Sektempfang&#8220;>Standesamt &#038; Sektempfang&#8220;>Standesamt &#038; Sektempfang&#8220;>Standesamt &#038; Sektempfang&#8220;>Standesamt &#038; Sektempfang&#8220;>Standesamt &#038; Sektempfang&#8220;>Standesamt &#038; Sektempfang&#8220;>Standesamt &#038; Sektempfang&#8220;>Standesamt &#038; Sektempfang&#8220;>Standesamt &#038; Sektempfang&#8220;>Standesamt &#038; Sektempfang&#8220;>Standesamt &#038; Sektempfang&#8220;>Standesamt &#038; Sektempfang&#8220;>Standesamt &#038; Sektempfang&#8220;>Standesamt &#038; Sektempfang&#8220;>Standesamt &#038; Sektempfang&#8220;>Standesamt &#038; Sektempfang&#8220;>Standesamt &#038; Sektempfang&#8220;>Standesamt &#038; Sektempfang&#8220;>Standesamt &#038; Sektempfang&#8220;>Standesamt &#038; Sektempfang&#8220;>Standesamt &#038; Sektempfang&#8220;>Standesamt &#038; Sektempfang&#8220;>Standesamt &#038; Sektempfang&#8220;>Standesamt &#038; Sektempfang&#8220;>Standesamt &#038; Sektempfang&#8220;>Standesamt &#038; Sektempfang&#8220;>Standesamt &#038; Sektempfang&#8220;>Standesamt &#038; Sektempfang&#8220;>Standesamt &#038; Sektempfang&#8220;>Standesamt &#038; Sektempfang&#8220;>Standesamt &#038; Sektempfang&#8220;>Standesamt &#038; Sektempfang&#8220;>Standesamt &#038; Sektempfang&#8220;>Standesamt &#038; Sektempfang&#8220;>Standesamt &#038; Sektempfang&#8220;>Standesamt &#038; Sektempfang&#8220;>Standesamt &#038; Sektempfang&#8220;>Standesamt &#038; Sektempfang&#8220;>Standesamt &#038; Sektempfang&#8220;>                        \n                                    <img decoding=\"async\" data-src=\"https:\/\/hochzeit.matthiasmeissler.de\/wp-content\/uploads\/2021\/08\/15_Suppe-scaled.jpg\" alt=\"15_Suppe\" src=\"data:image\/svg+xml;base64,PHN2ZyB3aWR0aD0iMSIgaGVpZ2h0PSIxIiB4bWxucz0iaHR0cDovL3d3dy53My5vcmcvMjAwMC9zdmciPjwvc3ZnPg==\" class=\"lazyload\" style=\"--smush-placeholder-width: 2560px; --smush-placeholder-aspect-ratio: 2560\/1440;\" \/>\n                                        <!-- Overlay -->\n                                            <!-- Icon -->\n                                            <a data-lightbox data-src=\"https:\/\/hochzeit.matthiasmeissler.de\/wp-content\/uploads\/2021\/08\/15_Suppe-1024x576.jpg\" data-sub-html=\"<p>Mittagessen Orangerie&#8220;><\/a>\n                                            <!-- Content -->\n                                                <h4>Mittagessen Orangerie<\/h4>                                                \n                            <!--Gallery sub-Item Start-->\n                            Mittagessen Orangerie&#8220;>Mittagessen Orangerie&#8220;>Mittagessen Orangerie&#8220;>Mittagessen Orangerie&#8220;>Mittagessen Orangerie&#8220;>Mittagessen Orangerie&#8220;>Mittagessen Orangerie&#8220;>Mittagessen Orangerie&#8220;>Mittagessen Orangerie&#8220;>Mittagessen Orangerie&#8220;>Mittagessen Orangerie&#8220;>Mittagessen Orangerie&#8220;>Mittagessen Orangerie&#8220;>Mittagessen Orangerie&#8220;>Mittagessen Orangerie&#8220;>Mittagessen Orangerie&#8220;>Mittagessen Orangerie&#8220;>                        \n                                    <img decoding=\"async\" data-src=\"https:\/\/hochzeit.matthiasmeissler.de\/wp-content\/uploads\/2021\/08\/Brautpaar_Fahrrad-scaled.jpg\" alt=\"Brautpaar_Fahrrad\" src=\"data:image\/svg+xml;base64,PHN2ZyB3aWR0aD0iMSIgaGVpZ2h0PSIxIiB4bWxucz0iaHR0cDovL3d3dy53My5vcmcvMjAwMC9zdmciPjwvc3ZnPg==\" class=\"lazyload\" style=\"--smush-placeholder-width: 2560px; --smush-placeholder-aspect-ratio: 2560\/1703;\" \/>\n                                        <!-- Overlay -->\n                                            <!-- Icon -->\n                                            <a data-lightbox data-src=\"https:\/\/hochzeit.matthiasmeissler.de\/wp-content\/uploads\/2021\/08\/Brautpaar_Fahrrad-1024x681.jpg\" data-sub-html=\"<p>Fotoshooting Orangerie&#8220;><\/a>\n                                            <!-- Content -->\n                                                <h4>Fotoshooting Orangerie<\/h4>                                                \n                            <!--Gallery sub-Item Start-->\n                            Fotoshooting Orangerie&#8220;>Fotoshooting Orangerie&#8220;>Fotoshooting Orangerie&#8220;>Fotoshooting Orangerie&#8220;>Fotoshooting Orangerie&#8220;>Fotoshooting Orangerie&#8220;>Fotoshooting Orangerie&#8220;>Fotoshooting Orangerie&#8220;>Fotoshooting Orangerie&#8220;>Fotoshooting Orangerie&#8220;>Fotoshooting Orangerie&#8220;>Fotoshooting Orangerie&#8220;>Fotoshooting Orangerie&#8220;>Fotoshooting Orangerie&#8220;>Fotoshooting Orangerie&#8220;>Fotoshooting Orangerie&#8220;>Fotoshooting Orangerie&#8220;>Fotoshooting Orangerie&#8220;>Fotoshooting Orangerie&#8220;>Fotoshooting Orangerie&#8220;>Fotoshooting Orangerie&#8220;>                        \n                                    <img decoding=\"async\" data-src=\"https:\/\/hochzeit.matthiasmeissler.de\/wp-content\/uploads\/2021\/08\/04_Kuchen-scaled.jpg\" alt=\"04_Kuchen\" src=\"data:image\/svg+xml;base64,PHN2ZyB3aWR0aD0iMSIgaGVpZ2h0PSIxIiB4bWxucz0iaHR0cDovL3d3dy53My5vcmcvMjAwMC9zdmciPjwvc3ZnPg==\" class=\"lazyload\" style=\"--smush-placeholder-width: 2560px; --smush-placeholder-aspect-ratio: 2560\/1440;\" \/>\n                                        <!-- Overlay -->\n                                            <!-- Icon -->\n                                            <a data-lightbox data-src=\"https:\/\/hochzeit.matthiasmeissler.de\/wp-content\/uploads\/2021\/08\/04_Kuchen-1024x576.jpg\" data-sub-html=\"<p>Mei\u00dflerischer Garten&#8220;><\/a>\n                                            <!-- Content -->\n                                                <h4>Mei\u00dflerischer Garten<\/h4>                                                \n                            <!--Gallery sub-Item Start-->\n                            Mei\u00dflerischer Garten&#8220;>Mei\u00dflerischer Garten&#8220;>Mei\u00dflerischer Garten&#8220;>Mei\u00dflerischer Garten&#8220;>Mei\u00dflerischer Garten&#8220;>Mei\u00dflerischer Garten&#8220;>Mei\u00dflerischer Garten&#8220;>Mei\u00dflerischer Garten&#8220;>Mei\u00dflerischer Garten&#8220;>Mei\u00dflerischer Garten&#8220;>Mei\u00dflerischer Garten&#8220;>Mei\u00dflerischer Garten&#8220;>Mei\u00dflerischer Garten&#8220;>Mei\u00dflerischer Garten&#8220;>Mei\u00dflerischer Garten&#8220;>Mei\u00dflerischer Garten&#8220;>Mei\u00dflerischer Garten&#8220;>Mei\u00dflerischer Garten&#8220;>                        \n<h2>\n\t\t<a href=\"https:\/\/hochzeit.matthiasmeissler.de\/wp-content\/uploads\/2021\/08\/IsabelMatthiasHochzeit.zip\" title=\"Als Erinnerung alle Bilder und Videos herunterladen\" target=\"_blank\" rel=\"noopener\">\n\t\tAls Erinnerung alle Bilder und Videos herunterladen\n\t\t<\/a>\n\t<\/h2>\n\t<h2>\n\t\t\t\t\tUnsere Geschichte\n\t\t\t\t<\/h2>\n\t\t\t\t<img decoding=\"async\" data-src=\"https:\/\/hochzeit.matthiasmeissler.de\/wp-content\/uploads\/bb-plugin\/cache\/20210621_131209-scaled-square.jpg\" alt=\"20210621_131209\" itemprop=\"image\" src=\"data:image\/svg+xml;base64,PHN2ZyB3aWR0aD0iMSIgaGVpZ2h0PSIxIiB4bWxucz0iaHR0cDovL3d3dy53My5vcmcvMjAwMC9zdmciPjwvc3ZnPg==\" class=\"lazyload\" style=\"--smush-placeholder-width: 1440px; --smush-placeholder-aspect-ratio: 1440\/1440;\" \/>\n\t<h3>\n\t\t\t\t\tIsabel Peukert\n\t\t\t\t<\/h3>\n\t\t\t<p>In Wolfsburg gro\u00df geworden, verschlug es mich zum Studium nach Stuttgart. Vieles habe ich vom Bachelorstudium vergessen, aber nie Matthias. Die Abenteuer, Herausforderungen und lustigen Momente der letzten Jahre haben uns zusammengeschwei\u00dft.<\/p>\n<p>\u00a0<\/p>\n\t<h3>\n\t\t\t\t\tMatthias Meissler\n\t\t\t\t<\/h3>\n\t\t\t<p>Im fr\u00e4nkischen Ansbach erblickte ich die Welt und nach dem Abitur verschlug es mich zum Studium nach Stuttgart. Bereits an der Waschmaschine im Studentenwohnheim lernte ich Isabel kennen und unsere Leidenschaft f\u00fcr gemeinsame Reisen begann mit einer Reise vor dem Auslandssemester in China.<\/p>\n\t\t\t\t<img decoding=\"async\" data-src=\"https:\/\/hochzeit.matthiasmeissler.de\/wp-content\/uploads\/bb-plugin\/cache\/20210605_130051-1-scaled-square.jpg\" alt=\"20210605_130051 (1)\" itemprop=\"image\" src=\"data:image\/svg+xml;base64,PHN2ZyB3aWR0aD0iMSIgaGVpZ2h0PSIxIiB4bWxucz0iaHR0cDovL3d3dy53My5vcmcvMjAwMC9zdmciPjwvc3ZnPg==\" class=\"lazyload\" style=\"--smush-placeholder-width: 1920px; --smush-placeholder-aspect-ratio: 1920\/1920;\" \/>\n\t<h3>\n\t\t\t\t\t&#8222;Das Gl\u00fcck ist das Einzige, was sich verdoppelt, wenn man es teilt&#8220;\n\t\t\t\t<\/h3>\n\t<h4>\n\t\t\t\t\tAlbert Schweitzer\n\t\t\t\t<\/h4>\n\t<h2>\n\t\t\t\t\tHochzeitsinformationen\n\t\t\t\t<\/h2>\n\t<ul>\n\t\t<li>\t\t\n\t\t\t\t<img decoding=\"async\" data-src=\"https:\/\/hochzeit.matthiasmeissler.de\/wp-content\/uploads\/2021\/03\/dresscode.png\" alt=\"dresscode\" itemprop=\"image\" src=\"data:image\/svg+xml;base64,PHN2ZyB3aWR0aD0iMSIgaGVpZ2h0PSIxIiB4bWxucz0iaHR0cDovL3d3dy53My5vcmcvMjAwMC9zdmciPjwvc3ZnPg==\" class=\"lazyload\" style=\"--smush-placeholder-width: 93px; --smush-placeholder-aspect-ratio: 93\/93;\" \/>\n\t\t<h4>Kleidung<\/h4><p>Wir wollen eine Gartenparty mit Euch feiern. Kommt in Kleidung in der Ihr Euch wohl f\u00fchlt \ud83d\ude42<\/p><\/li><li>\t\t\n\t\t\t\t<img decoding=\"async\" data-src=\"https:\/\/hochzeit.matthiasmeissler.de\/wp-content\/uploads\/2021\/03\/parking.png\" alt=\"parking\" itemprop=\"image\" src=\"data:image\/svg+xml;base64,PHN2ZyB3aWR0aD0iMSIgaGVpZ2h0PSIxIiB4bWxucz0iaHR0cDovL3d3dy53My5vcmcvMjAwMC9zdmciPjwvc3ZnPg==\" class=\"lazyload\" style=\"--smush-placeholder-width: 93px; --smush-placeholder-aspect-ratio: 93\/93;\" \/>\n\t\t<h4>Parken<\/h4><p>Zur Trauung und Mittagessen parkt Ihr am Besten auf dem Parkplatz Hofwiese zwischen Standesamt und dem Mittagessen in der Orangerie (Google Maps Parkplatz Hofwiese, Details siehe unten bei Wann&amp;Wo). Sp\u00e4ter bei Kaffee und Kuchen im Garten k\u00f6nnt Ihr direkt vor der Haust\u00fcr parken.<\/p><\/li><li>\t\t\n\t\t\t\t<img decoding=\"async\" data-src=\"https:\/\/hochzeit.matthiasmeissler.de\/wp-content\/uploads\/2021\/03\/accomodation.png\" alt=\"accomodation\" itemprop=\"image\" src=\"data:image\/svg+xml;base64,PHN2ZyB3aWR0aD0iMSIgaGVpZ2h0PSIxIiB4bWxucz0iaHR0cDovL3d3dy53My5vcmcvMjAwMC9zdmciPjwvc3ZnPg==\" class=\"lazyload\" style=\"--smush-placeholder-width: 93px; --smush-placeholder-aspect-ratio: 93\/93;\" \/>\n\t\t<h4>Hotel<\/h4><p>Wer l\u00e4nger bleiben m\u00f6chte, empfehlen wir das Hotel H\u00fcrner in Ansbach.<\/p><\/li>\t<\/ul>\n\t<ul>\n\t\t<li>\t\t\n\t\t\t\t<img decoding=\"async\" data-src=\"https:\/\/hochzeit.matthiasmeissler.de\/wp-content\/uploads\/2021\/03\/celebration.png\" alt=\"celebration\" itemprop=\"image\" src=\"data:image\/svg+xml;base64,PHN2ZyB3aWR0aD0iMSIgaGVpZ2h0PSIxIiB4bWxucz0iaHR0cDovL3d3dy53My5vcmcvMjAwMC9zdmciPjwvc3ZnPg==\" class=\"lazyload\" style=\"--smush-placeholder-width: 93px; --smush-placeholder-aspect-ratio: 93\/93;\" \/>\n\t\t<h4>Ablauf<\/h4><p>11.00 Uhr Ankunft Standesamt<br \/>11.15 Uhr Trauung im<br \/>Markgr\u00e4flichen Pavillon Ansbach<br \/>11.30 Uhr Sektempfang neben<br \/>dem Markgr\u00e4flichen Pavillon<br \/>12.15 Uhr Mittagessen in der Orangerie Ansbach<br \/>15.00 Uhr Kaffee und Kuchen im<br \/>Meisslerischen Garten und Ausklang mit Flammkuchen<\/p><\/li><li>\t\t\n\t\t\t\t<img decoding=\"async\" data-src=\"https:\/\/hochzeit.matthiasmeissler.de\/wp-content\/uploads\/2021\/03\/photoshoot.png\" alt=\"photoshoot\" itemprop=\"image\" src=\"data:image\/svg+xml;base64,PHN2ZyB3aWR0aD0iMSIgaGVpZ2h0PSIxIiB4bWxucz0iaHR0cDovL3d3dy53My5vcmcvMjAwMC9zdmciPjwvc3ZnPg==\" class=\"lazyload\" style=\"--smush-placeholder-width: 93px; --smush-placeholder-aspect-ratio: 93\/93;\" \/>\n\t\t<h4>Fotoshooting<\/h4><p>Wir bauen auf die Generation Smartphone und freuen uns wenn jeder Bilder macht \ud83d\ude42<\/p><\/li><li>\t\t\n\t\t\t\t<img decoding=\"async\" data-src=\"https:\/\/hochzeit.matthiasmeissler.de\/wp-content\/uploads\/2021\/03\/food.png\" alt=\"food\" itemprop=\"image\" src=\"data:image\/svg+xml;base64,PHN2ZyB3aWR0aD0iMSIgaGVpZ2h0PSIxIiB4bWxucz0iaHR0cDovL3d3dy53My5vcmcvMjAwMC9zdmciPjwvc3ZnPg==\" class=\"lazyload\" style=\"--smush-placeholder-width: 93px; --smush-placeholder-aspect-ratio: 93\/93;\" \/>\n\t\t<h4>Essen<\/h4><p>Bitte w\u00e4hlt Euer Mittagessen direkt unten in der Anmeldung aus, damit alle gleichzeitig Ihr Essen bekommen k\u00f6nnen.<\/p><\/li>\t<\/ul>\n\t\t\t\t<img decoding=\"async\" data-src=\"https:\/\/hochzeit.matthiasmeissler.de\/wp-content\/uploads\/bb-plugin\/cache\/Bachelor2015-1024x683-square.jpg\" alt=\"Bachelor2015\" itemprop=\"image\" src=\"data:image\/svg+xml;base64,PHN2ZyB3aWR0aD0iMSIgaGVpZ2h0PSIxIiB4bWxucz0iaHR0cDovL3d3dy53My5vcmcvMjAwMC9zdmciPjwvc3ZnPg==\" class=\"lazyload\" style=\"--smush-placeholder-width: 683px; --smush-placeholder-aspect-ratio: 683\/683;\" \/>\n\t\t\t\t<img decoding=\"async\" data-src=\"https:\/\/hochzeit.matthiasmeissler.de\/wp-content\/uploads\/bb-plugin\/cache\/20190312_135306-1024x768-square.jpg\" alt=\"20190312_135306\" itemprop=\"image\" src=\"data:image\/svg+xml;base64,PHN2ZyB3aWR0aD0iMSIgaGVpZ2h0PSIxIiB4bWxucz0iaHR0cDovL3d3dy53My5vcmcvMjAwMC9zdmciPjwvc3ZnPg==\" class=\"lazyload\" style=\"--smush-placeholder-width: 768px; --smush-placeholder-aspect-ratio: 768\/768;\" \/>\n\t\t\t\t<img decoding=\"async\" data-src=\"https:\/\/hochzeit.matthiasmeissler.de\/wp-content\/uploads\/bb-plugin\/cache\/20210620_150955-1024x576-square.jpg\" alt=\"20210620_150955\" itemprop=\"image\" src=\"data:image\/svg+xml;base64,PHN2ZyB3aWR0aD0iMSIgaGVpZ2h0PSIxIiB4bWxucz0iaHR0cDovL3d3dy53My5vcmcvMjAwMC9zdmciPjwvc3ZnPg==\" class=\"lazyload\" style=\"--smush-placeholder-width: 576px; --smush-placeholder-aspect-ratio: 576\/576;\" \/>\n\t\t\t\t<img decoding=\"async\" data-src=\"https:\/\/hochzeit.matthiasmeissler.de\/wp-content\/uploads\/bb-plugin\/cache\/Myanmar2014-1024x575-square.jpg\" alt=\"Myanmar2014\" itemprop=\"image\" src=\"data:image\/svg+xml;base64,PHN2ZyB3aWR0aD0iMSIgaGVpZ2h0PSIxIiB4bWxucz0iaHR0cDovL3d3dy53My5vcmcvMjAwMC9zdmciPjwvc3ZnPg==\" class=\"lazyload\" style=\"--smush-placeholder-width: 575px; --smush-placeholder-aspect-ratio: 575\/575;\" \/>\n\t\t\t\t<img decoding=\"async\" data-src=\"https:\/\/hochzeit.matthiasmeissler.de\/wp-content\/uploads\/bb-plugin\/cache\/DSCF6124-1024x768-square.jpg\" alt=\"DSCF6124\" itemprop=\"image\" src=\"data:image\/svg+xml;base64,PHN2ZyB3aWR0aD0iMSIgaGVpZ2h0PSIxIiB4bWxucz0iaHR0cDovL3d3dy53My5vcmcvMjAwMC9zdmciPjwvc3ZnPg==\" class=\"lazyload\" style=\"--smush-placeholder-width: 768px; --smush-placeholder-aspect-ratio: 768\/768;\" \/>\n\t\t\t\t<img decoding=\"async\" data-src=\"https:\/\/hochzeit.matthiasmeissler.de\/wp-content\/uploads\/bb-plugin\/cache\/China2014-1024x768-square.jpg\" alt=\"China2014\" itemprop=\"image\" src=\"data:image\/svg+xml;base64,PHN2ZyB3aWR0aD0iMSIgaGVpZ2h0PSIxIiB4bWxucz0iaHR0cDovL3d3dy53My5vcmcvMjAwMC9zdmciPjwvc3ZnPg==\" class=\"lazyload\" style=\"--smush-placeholder-width: 768px; --smush-placeholder-aspect-ratio: 768\/768;\" \/>\n\t\t\t\t<img decoding=\"async\" data-src=\"https:\/\/hochzeit.matthiasmeissler.de\/wp-content\/uploads\/bb-plugin\/cache\/20190309_060702-1024x768-square.jpg\" alt=\"20190309_060702\" itemprop=\"image\" src=\"data:image\/svg+xml;base64,PHN2ZyB3aWR0aD0iMSIgaGVpZ2h0PSIxIiB4bWxucz0iaHR0cDovL3d3dy53My5vcmcvMjAwMC9zdmciPjwvc3ZnPg==\" class=\"lazyload\" style=\"--smush-placeholder-width: 768px; --smush-placeholder-aspect-ratio: 768\/768;\" \/>\n\t\t\t\t<img decoding=\"async\" data-src=\"https:\/\/hochzeit.matthiasmeissler.de\/wp-content\/uploads\/bb-plugin\/cache\/20191027_150346-1024x768-square.jpg\" alt=\"20191027_150346\" itemprop=\"image\" src=\"data:image\/svg+xml;base64,PHN2ZyB3aWR0aD0iMSIgaGVpZ2h0PSIxIiB4bWxucz0iaHR0cDovL3d3dy53My5vcmcvMjAwMC9zdmciPjwvc3ZnPg==\" class=\"lazyload\" style=\"--smush-placeholder-width: 768px; --smush-placeholder-aspect-ratio: 768\/768;\" \/>\n\t<h2>\n\t\t\t\t\tWann &#038; Wo\n\t\t\t\t<\/h2>\n\t\t\t<p>Wir freuen uns auf Euch!<\/p>\n\t<ul>\n\t\t<li>\t\t\n\t\t\t\t<img decoding=\"async\" data-src=\"https:\/\/hochzeit.matthiasmeissler.de\/wp-content\/uploads\/2021\/03\/gown.png\" alt=\"gown\" itemprop=\"image\" src=\"data:image\/svg+xml;base64,PHN2ZyB3aWR0aD0iMSIgaGVpZ2h0PSIxIiB4bWxucz0iaHR0cDovL3d3dy53My5vcmcvMjAwMC9zdmciPjwvc3ZnPg==\" class=\"lazyload\" style=\"--smush-placeholder-width: 93px; --smush-placeholder-aspect-ratio: 93\/93;\" \/>\n\t\t<h4>Zeremonie und Sektempfang<\/h4><p>07. Juli 2021<br \/>11.15 Uhr<\/p><\/li>\t<\/ul>\n\tMarkgr\u00e4fliche Pavillon Ansbach<br \/>\nPfarrstra\u00dfe 29<br \/>\n91522 Ansbach\nParkplatz<br \/>\nParkplatz Hofwiese<br \/>\n(zwischen Standesamt und Mittagessen in der Orangerie)\n\t<iframe data-src=\"https:\/\/www.google.com\/maps\/d\/embed?mid=1HinzMmvNbT3hGPMyhRtZB10mukzaPHxD&#038;hl=de\" width=\"640\" height=\"480\" src=\"data:image\/svg+xml;base64,PHN2ZyB3aWR0aD0iMSIgaGVpZ2h0PSIxIiB4bWxucz0iaHR0cDovL3d3dy53My5vcmcvMjAwMC9zdmciPjwvc3ZnPg==\" class=\"lazyload\" data-load-mode=\"1\"><\/iframe>\n\t<ul>\n\t\t<li>\t\t\n\t\t\t\t<img decoding=\"async\" data-src=\"https:\/\/hochzeit.matthiasmeissler.de\/wp-content\/uploads\/2021\/03\/rainbow.png\" alt=\"rainbow\" itemprop=\"image\" src=\"data:image\/svg+xml;base64,PHN2ZyB3aWR0aD0iMSIgaGVpZ2h0PSIxIiB4bWxucz0iaHR0cDovL3d3dy53My5vcmcvMjAwMC9zdmciPjwvc3ZnPg==\" class=\"lazyload\" style=\"--smush-placeholder-width: 93px; --smush-placeholder-aspect-ratio: 93\/93;\" \/>\n\t\t<h4>Mittagessen<\/h4><p>Orangerie Ansbach<br \/>Promenade 33<br \/>91522 Ansbach<\/p><\/li>\t<\/ul>\n\t<h4>Kaffee und Kuchen<\/h4>\nFamilie Meissler<br \/>\nBayreuther Str. 7<br \/>\n91522 Ansbach\n\n","protected":false},"excerpt":{"rendered":"<p>Isabel &#038; Matthias 07. Juli 2021 Markgr\u00e4flicher Pavillon Ansbach Danke, dass Ihr dabei wart! Zum Anzeigen der Galerien bitte auf die Bilder klicken<\/p>\n","protected":false},"author":1,"featured_media":0,"parent":0,"menu_order":0,"comment_status":"closed","ping_status":"closed","template":"","meta":{"site-sidebar-layout":"no-sidebar","site-content-layout":"page-builder","ast-site-content-layout":"default","site-content-style":"default","site-sidebar-style":"default","ast-global-header-display":"","ast-banner-title-visibility":"","ast-main-header-display":"disabled","ast-hfb-above-header-display":"","ast-hfb-below-header-display":"","ast-hfb-mobile-header-display":"","site-post-title":"disabled","ast-breadcrumbs-content":"","ast-featured-img":"disabled","footer-sml-layout":"","ast-disable-related-posts":"","theme-transparent-header-meta":"default","adv-header-id-meta":"","stick-header-meta":"","header-above-stick-meta":"","header-main-stick-meta":"","header-below-stick-meta":"","astra-migrate-meta-layouts":"default","ast-page-background-enabled":"default","ast-page-background-meta":{"desktop":{"background-color":"","background-image":"","background-repeat":"repeat","background-position":"center center","background-size":"auto","background-attachment":"scroll","background-type":"","background-media":"","overlay-type":"","overlay-color":"","overlay-opacity":"","overlay-gradient":""},"tablet":{"background-color":"","background-image":"","background-repeat":"repeat","background-position":"center center","background-size":"auto","background-attachment":"scroll","background-type":"","background-media":"","overlay-type":"","overlay-color":"","overlay-opacity":"","overlay-gradient":""},"mobile":{"background-color":"","background-image":"","background-repeat":"repeat","background-position":"center center","background-size":"auto","background-attachment":"scroll","background-type":"","background-media":"","overlay-type":"","overlay-color":"","overlay-opacity":"","overlay-gradient":""}},"ast-content-background-meta":{"desktop":{"background-color":"var(--ast-global-color-5)","background-image":"","background-repeat":"repeat","background-position":"center center","background-size":"auto","background-attachment":"scroll","background-type":"","background-media":"","overlay-type":"","overlay-color":"","overlay-opacity":"","overlay-gradient":""},"tablet":{"background-color":"var(--ast-global-color-5)","background-image":"","background-repeat":"repeat","background-position":"center center","background-size":"auto","background-attachment":"scroll","background-type":"","background-media":"","overlay-type":"","overlay-color":"","overlay-opacity":"","overlay-gradient":""},"mobile":{"background-color":"var(--ast-global-color-5)","background-image":"","background-repeat":"repeat","background-position":"center center","background-size":"auto","background-attachment":"scroll","background-type":"","background-media":"","overlay-type":"","overlay-color":"","overlay-opacity":"","overlay-gradient":""}},"footnotes":""},"class_list":["post-603","page","type-page","status-publish","hentry"],"_links":{"self":[{"href":"https:\/\/hochzeit.matthiasmeissler.de\/index.php?rest_route=\/wp\/v2\/pages\/603","targetHints":{"allow":["GET"]}}],"collection":[{"href":"https:\/\/hochzeit.matthiasmeissler.de\/index.php?rest_route=\/wp\/v2\/pages"}],"about":[{"href":"https:\/\/hochzeit.matthiasmeissler.de\/index.php?rest_route=\/wp\/v2\/types\/page"}],"author":[{"embeddable":true,"href":"https:\/\/hochzeit.matthiasmeissler.de\/index.php?rest_route=\/wp\/v2\/users\/1"}],"replies":[{"embeddable":true,"href":"https:\/\/hochzeit.matthiasmeissler.de\/index.php?rest_route=%2Fwp%2Fv2%2Fcomments&post=603"}],"version-history":[{"count":36,"href":"https:\/\/hochzeit.matthiasmeissler.de\/index.php?rest_route=\/wp\/v2\/pages\/603\/revisions"}],"predecessor-version":[{"id":891,"href":"https:\/\/hochzeit.matthiasmeissler.de\/index.php?rest_route=\/wp\/v2\/pages\/603\/revisions\/891"}],"wp:attachment":[{"href":"https:\/\/hochzeit.matthiasmeissler.de\/index.php?rest_route=%2Fwp%2Fv2%2Fmedia&parent=603"}],"curies":[{"name":"wp","href":"https:\/\/api.w.org\/{rel}","templated":true}]}}